{"id":518,"date":"2023-10-01T21:04:25","date_gmt":"2023-10-01T19:04:25","guid":{"rendered":"https:\/\/kopenhaga.com.pl\/?page_id=518"},"modified":"2024-06-20T01:34:45","modified_gmt":"2024-06-19T23:34:45","slug":"kopenhaga-guide","status":"publish","type":"page","link":"https:\/\/kopenhaga.com.pl\/","title":{"rendered":"Kopenhaga- przewodnik po stolicy Danii"},"content":{"rendered":"\t\t<div data-elementor-type=\"wp-page\" data-elementor-id=\"518\" class=\"elementor elementor-518\">\n\t\t\t\t\t\t<section class=\"elementor-section elementor-top-section elementor-element elementor-element-88de974 elementor-section-boxed elementor-section-height-default elementor-section-height-default\" data-id=\"88de974\" data-element_type=\"section\" data-e-type=\"section\">\n\t\t\t\t\t\t<div class=\"elementor-container elementor-column-gap-default\">\n\t\t\t\t\t<div class=\"elementor-column elementor-col-100 elementor-top-column elementor-element elementor-element-b9d8028\" data-id=\"b9d8028\" data-element_type=\"column\" data-e-type=\"column\">\n\t\t\t<div class=\"elementor-widget-wrap elementor-element-populated\">\n\t\t\t\t\t\t<div class=\"elementor-element elementor-element-b2c492e elementor-widget__width-initial elementor-widget elementor-widget-image\" data-id=\"b2c492e\" data-element_type=\"widget\" data-e-type=\"widget\" data-widget_type=\"image.default\">\n\t\t\t\t<div class=\"elementor-widget-container\">\n\t\t\t\t\t\t\t\t\t\t\t\t\t\t\t<img fetchpriority=\"high\" decoding=\"async\" width=\"2560\" height=\"589\" src=\"https:\/\/kopenhaga.com.pl\/wp-content\/uploads\/2021\/09\/banner-nyhavn-2-more-color-1-napis-scaled.jpg\" class=\"attachment-full size-full wp-image-325\" alt=\"\" srcset=\"https:\/\/kopenhaga.com.pl\/wp-content\/uploads\/2021\/09\/banner-nyhavn-2-more-color-1-napis-scaled.jpg 2560w, https:\/\/kopenhaga.com.pl\/wp-content\/uploads\/2021\/09\/banner-nyhavn-2-more-color-1-napis-300x69.jpg 300w, https:\/\/kopenhaga.com.pl\/wp-content\/uploads\/2021\/09\/banner-nyhavn-2-more-color-1-napis-1024x236.jpg 1024w, https:\/\/kopenhaga.com.pl\/wp-content\/uploads\/2021\/09\/banner-nyhavn-2-more-color-1-napis-768x177.jpg 768w, https:\/\/kopenhaga.com.pl\/wp-content\/uploads\/2021\/09\/banner-nyhavn-2-more-color-1-napis-1536x353.jpg 1536w, https:\/\/kopenhaga.com.pl\/wp-content\/uploads\/2021\/09\/banner-nyhavn-2-more-color-1-napis-2048x471.jpg 2048w, https:\/\/kopenhaga.com.pl\/wp-content\/uploads\/2021\/09\/banner-nyhavn-2-more-color-1-napis-1200x276.jpg 1200w, https:\/\/kopenhaga.com.pl\/wp-content\/uploads\/2021\/09\/banner-nyhavn-2-more-color-1-napis-1980x456.jpg 1980w\" sizes=\"(max-width: 2560px) 100vw, 2560px\" \/>\t\t\t\t\t\t\t\t\t\t\t\t\t\t\t<\/div>\n\t\t\t\t<\/div>\n\t\t\t\t\t<\/div>\n\t\t<\/div>\n\t\t\t\t\t<\/div>\n\t\t<\/section>\n\t\t\t\t<section class=\"elementor-section elementor-top-section elementor-element elementor-element-a22256e elementor-section-boxed elementor-section-height-default elementor-section-height-default\" data-id=\"a22256e\" data-element_type=\"section\" data-e-type=\"section\">\n\t\t\t\t\t\t<div class=\"elementor-container elementor-column-gap-default\">\n\t\t\t\t\t<div class=\"elementor-column elementor-col-100 elementor-top-column elementor-element elementor-element-ce7c38d\" data-id=\"ce7c38d\" data-element_type=\"column\" data-e-type=\"column\">\n\t\t\t<div class=\"elementor-widget-wrap elementor-element-populated\">\n\t\t\t\t\t\t<div class=\"elementor-element elementor-element-97ce02c elementor-widget elementor-widget-heading\" data-id=\"97ce02c\" data-element_type=\"widget\" data-e-type=\"widget\" data-widget_type=\"heading.default\">\n\t\t\t\t<div class=\"elementor-widget-container\">\n\t\t\t\t\t<h2 class=\"elementor-heading-title elementor-size-default\">Co robi\u0107 w Kopenhadze<\/h2>\t\t\t\t<\/div>\n\t\t\t\t<\/div>\n\t\t\t\t<section class=\"elementor-section elementor-inner-section elementor-element elementor-element-d7ed20b elementor-section-boxed elementor-section-height-default elementor-section-height-default\" data-id=\"d7ed20b\" data-element_type=\"section\" data-e-type=\"section\">\n\t\t\t\t\t\t<div class=\"elementor-container elementor-column-gap-default\">\n\t\t\t\t\t<div class=\"elementor-column elementor-col-33 elementor-inner-column elementor-element elementor-element-6a70aac\" data-id=\"6a70aac\" data-element_type=\"column\" data-e-type=\"column\">\n\t\t\t<div class=\"elementor-widget-wrap elementor-element-populated\">\n\t\t\t\t\t\t<div class=\"elementor-element elementor-element-4408160 elementor-widget elementor-widget-heading\" data-id=\"4408160\" data-element_type=\"widget\" data-e-type=\"widget\" data-widget_type=\"heading.default\">\n\t\t\t\t<div class=\"elementor-widget-container\">\n\t\t\t\t\t<h4 class=\"elementor-heading-title elementor-size-large\">Top 5 w Kopenhadze<br><\/h4>\t\t\t\t<\/div>\n\t\t\t\t<\/div>\n\t\t\t\t<div class=\"elementor-element elementor-element-b7f448f elementor-widget elementor-widget-image\" data-id=\"b7f448f\" data-element_type=\"widget\" data-e-type=\"widget\" data-widget_type=\"image.default\">\n\t\t\t\t<div class=\"elementor-widget-container\">\n\t\t\t\t\t\t\t\t\t\t\t\t<figure class=\"wp-caption\">\n\t\t\t\t\t\t\t\t\t\t<img decoding=\"async\" width=\"271\" height=\"300\" src=\"https:\/\/kopenhaga.com.pl\/wp-content\/uploads\/2023\/10\/nyhavn-17-271x300.jpg\" class=\"attachment-medium size-medium wp-image-525\" alt=\"Banner atrakcji Kopenhaga\" srcset=\"https:\/\/kopenhaga.com.pl\/wp-content\/uploads\/2023\/10\/nyhavn-17-271x300.jpg 271w, https:\/\/kopenhaga.com.pl\/wp-content\/uploads\/2023\/10\/nyhavn-17-925x1024.jpg 925w, https:\/\/kopenhaga.com.pl\/wp-content\/uploads\/2023\/10\/nyhavn-17-768x850.jpg 768w, https:\/\/kopenhaga.com.pl\/wp-content\/uploads\/2023\/10\/nyhavn-17-1388x1536.jpg 1388w, https:\/\/kopenhaga.com.pl\/wp-content\/uploads\/2023\/10\/nyhavn-17-1851x2048.jpg 1851w, https:\/\/kopenhaga.com.pl\/wp-content\/uploads\/2023\/10\/nyhavn-17-1200x1328.jpg 1200w, https:\/\/kopenhaga.com.pl\/wp-content\/uploads\/2023\/10\/nyhavn-17-1980x2191.jpg 1980w\" sizes=\"(max-width: 271px) 100vw, 271px\" \/>\t\t\t\t\t\t\t\t\t\t\t<figcaption class=\"widget-image-caption wp-caption-text\">5 miejsc kt\u00f3re trzeba zaliczy\u0107  w Kopenhadze<\/figcaption>\n\t\t\t\t\t\t\t\t\t\t<\/figure>\n\t\t\t\t\t\t\t\t\t<\/div>\n\t\t\t\t<\/div>\n\t\t\t\t\t<\/div>\n\t\t<\/div>\n\t\t\t\t<div class=\"elementor-column elementor-col-33 elementor-inner-column elementor-element elementor-element-3c78da1\" data-id=\"3c78da1\" data-element_type=\"column\" data-e-type=\"column\">\n\t\t\t<div class=\"elementor-widget-wrap elementor-element-populated\">\n\t\t\t\t\t\t<div class=\"elementor-element elementor-element-e5b5303 elementor-widget elementor-widget-heading\" data-id=\"e5b5303\" data-element_type=\"widget\" data-e-type=\"widget\" data-widget_type=\"heading.default\">\n\t\t\t\t<div class=\"elementor-widget-container\">\n\t\t\t\t\t<h4 class=\"elementor-heading-title elementor-size-large\">Zwiedzanie \nKopenhagi<br><\/h4>\t\t\t\t<\/div>\n\t\t\t\t<\/div>\n\t\t\t\t<div class=\"elementor-element elementor-element-5e9ee76 elementor-widget elementor-widget-image\" data-id=\"5e9ee76\" data-element_type=\"widget\" data-e-type=\"widget\" data-widget_type=\"image.default\">\n\t\t\t\t<div class=\"elementor-widget-container\">\n\t\t\t\t\t\t\t\t\t\t\t\t<figure class=\"wp-caption\">\n\t\t\t\t\t\t\t\t\t\t<img decoding=\"async\" width=\"200\" height=\"300\" src=\"https:\/\/kopenhaga.com.pl\/wp-content\/uploads\/2023\/10\/SUNS-ba-200x300.jpg\" class=\"attachment-medium size-medium wp-image-526\" alt=\"\" srcset=\"https:\/\/kopenhaga.com.pl\/wp-content\/uploads\/2023\/10\/SUNS-ba-200x300.jpg 200w, https:\/\/kopenhaga.com.pl\/wp-content\/uploads\/2023\/10\/SUNS-ba-683x1024.jpg 683w, https:\/\/kopenhaga.com.pl\/wp-content\/uploads\/2023\/10\/SUNS-ba-768x1152.jpg 768w, https:\/\/kopenhaga.com.pl\/wp-content\/uploads\/2023\/10\/SUNS-ba-1024x1536.jpg 1024w, https:\/\/kopenhaga.com.pl\/wp-content\/uploads\/2023\/10\/SUNS-ba-1200x1800.jpg 1200w, https:\/\/kopenhaga.com.pl\/wp-content\/uploads\/2023\/10\/SUNS-ba.jpg 1280w\" sizes=\"(max-width: 200px) 100vw, 200px\" \/>\t\t\t\t\t\t\t\t\t\t\t<figcaption class=\"widget-image-caption wp-caption-text\">Najwa\u017cniejsze miejsca Kopenhagi<\/figcaption>\n\t\t\t\t\t\t\t\t\t\t<\/figure>\n\t\t\t\t\t\t\t\t\t<\/div>\n\t\t\t\t<\/div>\n\t\t\t\t\t<\/div>\n\t\t<\/div>\n\t\t\t\t<div class=\"elementor-column elementor-col-33 elementor-inner-column elementor-element elementor-element-0db551d\" data-id=\"0db551d\" data-element_type=\"column\" data-e-type=\"column\">\n\t\t\t<div class=\"elementor-widget-wrap elementor-element-populated\">\n\t\t\t\t\t\t<div class=\"elementor-element elementor-element-694d335 elementor-widget elementor-widget-heading\" data-id=\"694d335\" data-element_type=\"widget\" data-e-type=\"widget\" data-widget_type=\"heading.default\">\n\t\t\t\t<div class=\"elementor-widget-container\">\n\t\t\t\t\t<h4 class=\"elementor-heading-title elementor-size-large\">Co je\u015b\u0107 w Kopenhadze<\/h4>\t\t\t\t<\/div>\n\t\t\t\t<\/div>\n\t\t\t\t<div class=\"elementor-element elementor-element-7db0c7f elementor-widget elementor-widget-image\" data-id=\"7db0c7f\" data-element_type=\"widget\" data-e-type=\"widget\" data-widget_type=\"image.default\">\n\t\t\t\t<div class=\"elementor-widget-container\">\n\t\t\t\t\t\t\t\t\t\t\t\t<figure class=\"wp-caption\">\n\t\t\t\t\t\t\t\t\t\t<img loading=\"lazy\" decoding=\"async\" width=\"300\" height=\"263\" src=\"https:\/\/kopenhaga.com.pl\/wp-content\/uploads\/2023\/10\/vin-knip-300x263.jpg\" class=\"attachment-medium size-medium wp-image-531\" alt=\"\" srcset=\"https:\/\/kopenhaga.com.pl\/wp-content\/uploads\/2023\/10\/vin-knip-300x263.jpg 300w, https:\/\/kopenhaga.com.pl\/wp-content\/uploads\/2023\/10\/vin-knip-1024x898.jpg 1024w, https:\/\/kopenhaga.com.pl\/wp-content\/uploads\/2023\/10\/vin-knip-768x674.jpg 768w, https:\/\/kopenhaga.com.pl\/wp-content\/uploads\/2023\/10\/vin-knip-1536x1348.jpg 1536w, https:\/\/kopenhaga.com.pl\/wp-content\/uploads\/2023\/10\/vin-knip-2048x1797.jpg 2048w, https:\/\/kopenhaga.com.pl\/wp-content\/uploads\/2023\/10\/vin-knip-1200x1053.jpg 1200w, https:\/\/kopenhaga.com.pl\/wp-content\/uploads\/2023\/10\/vin-knip-1980x1737.jpg 1980w\" sizes=\"(max-width: 300px) 100vw, 300px\" \/>\t\t\t\t\t\t\t\t\t\t\t<figcaption class=\"widget-image-caption wp-caption-text\">Restauracje i kultura jedzenia w stolicy Danii<\/figcaption>\n\t\t\t\t\t\t\t\t\t\t<\/figure>\n\t\t\t\t\t\t\t\t\t<\/div>\n\t\t\t\t<\/div>\n\t\t\t\t\t<\/div>\n\t\t<\/div>\n\t\t\t\t\t<\/div>\n\t\t<\/section>\n\t\t\t\t\t<\/div>\n\t\t<\/div>\n\t\t\t\t\t<\/div>\n\t\t<\/section>\n\t\t\t\t<section class=\"elementor-section elementor-top-section elementor-element elementor-element-007e215 elementor-section-boxed elementor-section-height-default elementor-section-height-default\" data-id=\"007e215\" data-element_type=\"section\" data-e-type=\"section\">\n\t\t\t\t\t\t<div class=\"elementor-container elementor-column-gap-default\">\n\t\t\t\t\t<div class=\"elementor-column elementor-col-100 elementor-top-column elementor-element elementor-element-0d49fa9\" data-id=\"0d49fa9\" data-element_type=\"column\" data-e-type=\"column\">\n\t\t\t<div class=\"elementor-widget-wrap elementor-element-populated\">\n\t\t\t\t\t\t<section class=\"elementor-section elementor-inner-section elementor-element elementor-element-2b5c47d elementor-section-boxed elementor-section-height-default elementor-section-height-default\" data-id=\"2b5c47d\" data-element_type=\"section\" data-e-type=\"section\">\n\t\t\t\t\t\t<div class=\"elementor-container elementor-column-gap-default\">\n\t\t\t\t\t<div class=\"elementor-column elementor-col-33 elementor-inner-column elementor-element elementor-element-00e7b59\" data-id=\"00e7b59\" data-element_type=\"column\" data-e-type=\"column\">\n\t\t\t<div class=\"elementor-widget-wrap elementor-element-populated\">\n\t\t\t\t\t\t<div class=\"elementor-element elementor-element-e7be29e elementor-widget elementor-widget-heading\" data-id=\"e7be29e\" data-element_type=\"widget\" data-e-type=\"widget\" data-widget_type=\"heading.default\">\n\t\t\t\t<div class=\"elementor-widget-container\">\n\t\t\t\t\t<h4 class=\"elementor-heading-title elementor-size-large\">Ukryte skarby Kopenhagi<br><\/h4>\t\t\t\t<\/div>\n\t\t\t\t<\/div>\n\t\t\t\t<div class=\"elementor-element elementor-element-1c4aebb elementor-widget elementor-widget-image\" data-id=\"1c4aebb\" data-element_type=\"widget\" data-e-type=\"widget\" data-widget_type=\"image.default\">\n\t\t\t\t<div class=\"elementor-widget-container\">\n\t\t\t\t\t\t\t\t\t\t\t\t<figure class=\"wp-caption\">\n\t\t\t\t\t\t\t\t\t\t<img decoding=\"async\" src=\"https:\/\/kopenhaga.com.pl\/wp-content\/uploads\/elementor\/thumbs\/wq2-scaled-qd8jsynk91v36rgre1rq0rq9k0rn2n7knhcy06jt34.jpg\" title=\"Other Havfrue K\u00f8benhavn\" alt=\"Other Havfrue K\u00f8benhavn\" loading=\"lazy\" \/>\t\t\t\t\t\t\t\t\t\t\t<figcaption class=\"widget-image-caption wp-caption-text\">Nieoczywiste atrakcje i miejsca o kt\u00f3rych nie pisz\u0105 przewodniki<\/figcaption>\n\t\t\t\t\t\t\t\t\t\t<\/figure>\n\t\t\t\t\t\t\t\t\t<\/div>\n\t\t\t\t<\/div>\n\t\t\t\t\t<\/div>\n\t\t<\/div>\n\t\t\t\t<div class=\"elementor-column elementor-col-33 elementor-inner-column elementor-element elementor-element-f50585e\" data-id=\"f50585e\" data-element_type=\"column\" data-e-type=\"column\">\n\t\t\t<div class=\"elementor-widget-wrap elementor-element-populated\">\n\t\t\t\t\t\t<div class=\"elementor-element elementor-element-bced18d elementor-widget elementor-widget-heading\" data-id=\"bced18d\" data-element_type=\"widget\" data-e-type=\"widget\" data-widget_type=\"heading.default\">\n\t\t\t\t<div class=\"elementor-widget-container\">\n\t\t\t\t\t<h4 class=\"elementor-heading-title elementor-size-large\">Kopenhaga lokals\u00f3w <\/h4>\t\t\t\t<\/div>\n\t\t\t\t<\/div>\n\t\t\t\t<div class=\"elementor-element elementor-element-d5e3d67 elementor-widget elementor-widget-image\" data-id=\"d5e3d67\" data-element_type=\"widget\" data-e-type=\"widget\" data-widget_type=\"image.default\">\n\t\t\t\t<div class=\"elementor-widget-container\">\n\t\t\t\t\t\t\t\t\t\t\t\t<figure class=\"wp-caption\">\n\t\t\t\t\t\t\t\t\t\t<img loading=\"lazy\" decoding=\"async\" width=\"300\" height=\"200\" src=\"https:\/\/kopenhaga.com.pl\/wp-content\/uploads\/2023\/10\/IMG_7778-300x200.jpg\" class=\"attachment-medium size-medium wp-image-533\" alt=\"\" srcset=\"https:\/\/kopenhaga.com.pl\/wp-content\/uploads\/2023\/10\/IMG_7778-300x200.jpg 300w, https:\/\/kopenhaga.com.pl\/wp-content\/uploads\/2023\/10\/IMG_7778-1024x683.jpg 1024w, https:\/\/kopenhaga.com.pl\/wp-content\/uploads\/2023\/10\/IMG_7778-768x512.jpg 768w, https:\/\/kopenhaga.com.pl\/wp-content\/uploads\/2023\/10\/IMG_7778-1536x1024.jpg 1536w, https:\/\/kopenhaga.com.pl\/wp-content\/uploads\/2023\/10\/IMG_7778-2048x1365.jpg 2048w, https:\/\/kopenhaga.com.pl\/wp-content\/uploads\/2023\/10\/IMG_7778-1200x800.jpg 1200w, https:\/\/kopenhaga.com.pl\/wp-content\/uploads\/2023\/10\/IMG_7778-1980x1320.jpg 1980w\" sizes=\"(max-width: 300px) 100vw, 300px\" \/>\t\t\t\t\t\t\t\t\t\t\t<figcaption class=\"widget-image-caption wp-caption-text\">Miejsca preferowane przez mieszka\u0144c\u00f3w Kopenhagi <\/figcaption>\n\t\t\t\t\t\t\t\t\t\t<\/figure>\n\t\t\t\t\t\t\t\t\t<\/div>\n\t\t\t\t<\/div>\n\t\t\t\t\t<\/div>\n\t\t<\/div>\n\t\t\t\t<div class=\"elementor-column elementor-col-33 elementor-inner-column elementor-element elementor-element-1067d7f\" data-id=\"1067d7f\" data-element_type=\"column\" data-e-type=\"column\">\n\t\t\t<div class=\"elementor-widget-wrap elementor-element-populated\">\n\t\t\t\t\t\t<div class=\"elementor-element elementor-element-293412b elementor-widget elementor-widget-heading\" data-id=\"293412b\" data-element_type=\"widget\" data-e-type=\"widget\" data-widget_type=\"heading.default\">\n\t\t\t\t<div class=\"elementor-widget-container\">\n\t\t\t\t\t<h4 class=\"elementor-heading-title elementor-size-large\">Sport w Kopenhadze<\/h4>\t\t\t\t<\/div>\n\t\t\t\t<\/div>\n\t\t\t\t<div class=\"elementor-element elementor-element-1854ef9 elementor-widget elementor-widget-image\" data-id=\"1854ef9\" data-element_type=\"widget\" data-e-type=\"widget\" data-widget_type=\"image.default\">\n\t\t\t\t<div class=\"elementor-widget-container\">\n\t\t\t\t\t\t\t\t\t\t\t\t<figure class=\"wp-caption\">\n\t\t\t\t\t\t\t\t\t\t<img loading=\"lazy\" decoding=\"async\" width=\"300\" height=\"225\" src=\"https:\/\/kopenhaga.com.pl\/wp-content\/uploads\/2023\/10\/sport_43693058835_o-300x225.jpg\" class=\"attachment-medium size-medium wp-image-532\" alt=\"\" srcset=\"https:\/\/kopenhaga.com.pl\/wp-content\/uploads\/2023\/10\/sport_43693058835_o-300x225.jpg 300w, https:\/\/kopenhaga.com.pl\/wp-content\/uploads\/2023\/10\/sport_43693058835_o-1024x768.jpg 1024w, https:\/\/kopenhaga.com.pl\/wp-content\/uploads\/2023\/10\/sport_43693058835_o-768x576.jpg 768w, https:\/\/kopenhaga.com.pl\/wp-content\/uploads\/2023\/10\/sport_43693058835_o-1536x1152.jpg 1536w, https:\/\/kopenhaga.com.pl\/wp-content\/uploads\/2023\/10\/sport_43693058835_o-2048x1536.jpg 2048w, https:\/\/kopenhaga.com.pl\/wp-content\/uploads\/2023\/10\/sport_43693058835_o-1200x900.jpg 1200w, https:\/\/kopenhaga.com.pl\/wp-content\/uploads\/2023\/10\/sport_43693058835_o-1980x1485.jpg 1980w\" sizes=\"(max-width: 300px) 100vw, 300px\" \/>\t\t\t\t\t\t\t\t\t\t\t<figcaption class=\"widget-image-caption wp-caption-text\">Aktywne sp\u0119dzanie czasu wolnego w stolicy Danii<\/figcaption>\n\t\t\t\t\t\t\t\t\t\t<\/figure>\n\t\t\t\t\t\t\t\t\t<\/div>\n\t\t\t\t<\/div>\n\t\t\t\t\t<\/div>\n\t\t<\/div>\n\t\t\t\t\t<\/div>\n\t\t<\/section>\n\t\t\t\t\t<\/div>\n\t\t<\/div>\n\t\t\t\t\t<\/div>\n\t\t<\/section>\n\t\t\t\t<\/div>\n\t\t","protected":false},"excerpt":{"rendered":"<p>Co robi\u0107 w Kopenhadze Top 5 w Kopenhadze 5 miejsc kt\u00f3re trzeba zaliczy\u0107 w Kopenhadze Zwiedzanie Kopenhagi Najwa\u017cniejsze miejsca Kopenhagi Co je\u015b\u0107 w Kopenhadze Restauracje i kultura jedzenia w stolicy Danii Ukryte skarby Kopenhagi Nieoczywiste atrakcje i miejsca o kt\u00f3rych nie pisz\u0105 przewodniki Kopenhaga lokals\u00f3w Miejsca preferowane przez mieszka\u0144c\u00f3w Kopenhagi Sport w Kopenhadze Aktywne sp\u0119dzanie [&hellip;]<\/p>\n","protected":false},"author":1,"featured_media":0,"parent":0,"menu_order":0,"comment_status":"closed","ping_status":"closed","template":"","meta":{"footnotes":""},"class_list":["post-518","page","type-page","status-publish","hentry"],"yoast_head":"<!-- This site is optimized with the Yoast SEO plugin v21.2 - https:\/\/yoast.com\/wordpress\/plugins\/seo\/ -->\n<title>Kopenhaga- przewodnik po stolicy Danii - Kopenhaga<\/title>\n<meta name=\"robots\" content=\"index, follow, max-snippet:-1, max-image-preview:large, max-video-preview:-1\" \/>\n<link rel=\"canonical\" href=\"https:\/\/kopenhaga.com.pl\/\" \/>\n<meta property=\"og:locale\" content=\"pl_PL\" \/>\n<meta property=\"og:type\" content=\"article\" \/>\n<meta property=\"og:title\" content=\"Kopenhaga- przewodnik po stolicy Danii - Kopenhaga\" \/>\n<meta property=\"og:description\" content=\"Co robi\u0107 w Kopenhadze Top 5 w Kopenhadze 5 miejsc kt\u00f3re trzeba zaliczy\u0107 w Kopenhadze Zwiedzanie Kopenhagi Najwa\u017cniejsze miejsca Kopenhagi Co je\u015b\u0107 w Kopenhadze Restauracje i kultura jedzenia w stolicy Danii Ukryte skarby Kopenhagi Nieoczywiste atrakcje i miejsca o kt\u00f3rych nie pisz\u0105 przewodniki Kopenhaga lokals\u00f3w Miejsca preferowane przez mieszka\u0144c\u00f3w Kopenhagi Sport w Kopenhadze Aktywne sp\u0119dzanie [&hellip;]\" \/>\n<meta property=\"og:url\" content=\"https:\/\/kopenhaga.com.pl\/\" \/>\n<meta property=\"og:site_name\" content=\"Kopenhaga\" \/>\n<meta property=\"article:modified_time\" content=\"2024-06-19T23:34:45+00:00\" \/>\n<meta property=\"og:image\" content=\"https:\/\/kopenhaga.com.pl\/wp-content\/uploads\/2021\/09\/banner-nyhavn-2-more-color-1-napis-scaled.jpg\" \/>\n<meta name=\"twitter:card\" content=\"summary_large_image\" \/>\n<meta name=\"twitter:label1\" content=\"Szacowany czas czytania\" \/>\n\t<meta name=\"twitter:data1\" content=\"2 minuty\" \/>\n<script type=\"application\/ld+json\" class=\"yoast-schema-graph\">{\"@context\":\"https:\/\/schema.org\",\"@graph\":[{\"@type\":\"WebPage\",\"@id\":\"https:\/\/kopenhaga.com.pl\/\",\"url\":\"https:\/\/kopenhaga.com.pl\/\",\"name\":\"Kopenhaga- przewodnik po stolicy Danii - Kopenhaga\",\"isPartOf\":{\"@id\":\"https:\/\/kopenhaga.com.pl\/#website\"},\"datePublished\":\"2023-10-01T19:04:25+00:00\",\"dateModified\":\"2024-06-19T23:34:45+00:00\",\"breadcrumb\":{\"@id\":\"https:\/\/kopenhaga.com.pl\/#breadcrumb\"},\"inLanguage\":\"pl-PL\",\"potentialAction\":[{\"@type\":\"ReadAction\",\"target\":[\"https:\/\/kopenhaga.com.pl\/\"]}]},{\"@type\":\"BreadcrumbList\",\"@id\":\"https:\/\/kopenhaga.com.pl\/#breadcrumb\",\"itemListElement\":[{\"@type\":\"ListItem\",\"position\":1,\"name\":\"Strona g\u0142\u00f3wna\",\"item\":\"https:\/\/kopenhaga.com.pl\/\"},{\"@type\":\"ListItem\",\"position\":2,\"name\":\"Kopenhaga- przewodnik po stolicy Danii\"}]},{\"@type\":\"WebSite\",\"@id\":\"https:\/\/kopenhaga.com.pl\/#website\",\"url\":\"https:\/\/kopenhaga.com.pl\/\",\"name\":\"Kopenhaga\",\"description\":\"Wszystko o Kopenhadze. Informacje, ciekawostki, porady. \",\"publisher\":{\"@id\":\"https:\/\/kopenhaga.com.pl\/#organization\"},\"potentialAction\":[{\"@type\":\"SearchAction\",\"target\":{\"@type\":\"EntryPoint\",\"urlTemplate\":\"https:\/\/kopenhaga.com.pl\/?s={search_term_string}\"},\"query-input\":\"required name=search_term_string\"}],\"inLanguage\":\"pl-PL\"},{\"@type\":\"Organization\",\"@id\":\"https:\/\/kopenhaga.com.pl\/#organization\",\"name\":\"Kopenhaga\",\"url\":\"https:\/\/kopenhaga.com.pl\/\",\"logo\":{\"@type\":\"ImageObject\",\"inLanguage\":\"pl-PL\",\"@id\":\"https:\/\/kopenhaga.com.pl\/#\/schema\/logo\/image\/\",\"url\":\"https:\/\/kopenhaga.com.pl\/wp-content\/uploads\/2021\/09\/cropped-banner-nyhavn-2-more-color-1-napis-scaled-1.jpg\",\"contentUrl\":\"https:\/\/kopenhaga.com.pl\/wp-content\/uploads\/2021\/09\/cropped-banner-nyhavn-2-more-color-1-napis-scaled-1.jpg\",\"width\":2283,\"height\":588,\"caption\":\"Kopenhaga \"},\"image\":{\"@id\":\"https:\/\/kopenhaga.com.pl\/#\/schema\/logo\/image\/\"}}]}<\/script>\n<!-- \/ Yoast SEO plugin. -->","yoast_head_json":{"title":"Kopenhaga- przewodnik po stolicy Danii - Kopenhaga","robots":{"index":"index","follow":"follow","max-snippet":"max-snippet:-1","max-image-preview":"max-image-preview:large","max-video-preview":"max-video-preview:-1"},"canonical":"https:\/\/kopenhaga.com.pl\/","og_locale":"pl_PL","og_type":"article","og_title":"Kopenhaga- przewodnik po stolicy Danii - Kopenhaga","og_description":"Co robi\u0107 w Kopenhadze Top 5 w Kopenhadze 5 miejsc kt\u00f3re trzeba zaliczy\u0107 w Kopenhadze Zwiedzanie Kopenhagi Najwa\u017cniejsze miejsca Kopenhagi Co je\u015b\u0107 w Kopenhadze Restauracje i kultura jedzenia w stolicy Danii Ukryte skarby Kopenhagi Nieoczywiste atrakcje i miejsca o kt\u00f3rych nie pisz\u0105 przewodniki Kopenhaga lokals\u00f3w Miejsca preferowane przez mieszka\u0144c\u00f3w Kopenhagi Sport w Kopenhadze Aktywne sp\u0119dzanie [&hellip;]","og_url":"https:\/\/kopenhaga.com.pl\/","og_site_name":"Kopenhaga","article_modified_time":"2024-06-19T23:34:45+00:00","og_image":[{"url":"https:\/\/kopenhaga.com.pl\/wp-content\/uploads\/2021\/09\/banner-nyhavn-2-more-color-1-napis-scaled.jpg"}],"twitter_card":"summary_large_image","twitter_misc":{"Szacowany czas czytania":"2 minuty"},"schema":{"@context":"https:\/\/schema.org","@graph":[{"@type":"WebPage","@id":"https:\/\/kopenhaga.com.pl\/","url":"https:\/\/kopenhaga.com.pl\/","name":"Kopenhaga- przewodnik po stolicy Danii - Kopenhaga","isPartOf":{"@id":"https:\/\/kopenhaga.com.pl\/#website"},"datePublished":"2023-10-01T19:04:25+00:00","dateModified":"2024-06-19T23:34:45+00:00","breadcrumb":{"@id":"https:\/\/kopenhaga.com.pl\/#breadcrumb"},"inLanguage":"pl-PL","potentialAction":[{"@type":"ReadAction","target":["https:\/\/kopenhaga.com.pl\/"]}]},{"@type":"BreadcrumbList","@id":"https:\/\/kopenhaga.com.pl\/#breadcrumb","itemListElement":[{"@type":"ListItem","position":1,"name":"Strona g\u0142\u00f3wna","item":"https:\/\/kopenhaga.com.pl\/"},{"@type":"ListItem","position":2,"name":"Kopenhaga- przewodnik po stolicy Danii"}]},{"@type":"WebSite","@id":"https:\/\/kopenhaga.com.pl\/#website","url":"https:\/\/kopenhaga.com.pl\/","name":"Kopenhaga","description":"Wszystko o Kopenhadze. Informacje, ciekawostki, porady. ","publisher":{"@id":"https:\/\/kopenhaga.com.pl\/#organization"},"potentialAction":[{"@type":"SearchAction","target":{"@type":"EntryPoint","urlTemplate":"https:\/\/kopenhaga.com.pl\/?s={search_term_string}"},"query-input":"required name=search_term_string"}],"inLanguage":"pl-PL"},{"@type":"Organization","@id":"https:\/\/kopenhaga.com.pl\/#organization","name":"Kopenhaga","url":"https:\/\/kopenhaga.com.pl\/","logo":{"@type":"ImageObject","inLanguage":"pl-PL","@id":"https:\/\/kopenhaga.com.pl\/#\/schema\/logo\/image\/","url":"https:\/\/kopenhaga.com.pl\/wp-content\/uploads\/2021\/09\/cropped-banner-nyhavn-2-more-color-1-napis-scaled-1.jpg","contentUrl":"https:\/\/kopenhaga.com.pl\/wp-content\/uploads\/2021\/09\/cropped-banner-nyhavn-2-more-color-1-napis-scaled-1.jpg","width":2283,"height":588,"caption":"Kopenhaga "},"image":{"@id":"https:\/\/kopenhaga.com.pl\/#\/schema\/logo\/image\/"}}]}},"_links":{"self":[{"href":"https:\/\/kopenhaga.com.pl\/index.php\/wp-json\/wp\/v2\/pages\/518","targetHints":{"allow":["GET"]}}],"collection":[{"href":"https:\/\/kopenhaga.com.pl\/index.php\/wp-json\/wp\/v2\/pages"}],"about":[{"href":"https:\/\/kopenhaga.com.pl\/index.php\/wp-json\/wp\/v2\/types\/page"}],"author":[{"embeddable":true,"href":"https:\/\/kopenhaga.com.pl\/index.php\/wp-json\/wp\/v2\/users\/1"}],"replies":[{"embeddable":true,"href":"https:\/\/kopenhaga.com.pl\/index.php\/wp-json\/wp\/v2\/comments?post=518"}],"version-history":[{"count":39,"href":"https:\/\/kopenhaga.com.pl\/index.php\/wp-json\/wp\/v2\/pages\/518\/revisions"}],"predecessor-version":[{"id":571,"href":"https:\/\/kopenhaga.com.pl\/index.php\/wp-json\/wp\/v2\/pages\/518\/revisions\/571"}],"wp:attachment":[{"href":"https:\/\/kopenhaga.com.pl\/index.php\/wp-json\/wp\/v2\/media?parent=518"}],"curies":[{"name":"wp","href":"https:\/\/api.w.org\/{rel}","templated":true}]}}